{"id":8853,"date":"2019-02-07T13:28:21","date_gmt":"2019-02-07T06:28:21","guid":{"rendered":"https:\/\/www.koh-chang-villa.com\/koh-chang-ferienhauser-auswahl\/"},"modified":"2023-12-08T19:19:25","modified_gmt":"2023-12-08T12:19:25","slug":"koh-chang-ferienhauser-auswahl","status":"publish","type":"page","link":"https:\/\/koh-chang-villa.com\/de\/koh-chang-ferienhauser-auswahl\/","title":{"rendered":"Koh Chang Ferienh\u00e4user Auswahl"},"content":{"rendered":"<section class=\"l-section wpb_row height_auto\"><div class=\"l-section-h i-cf\"><div class=\"g-cols vc_row via_flex valign_top type_default stacking_default\"><div class=\"vc_col-sm-12 wpb_column vc_column_container\"><div class=\"vc_column-inner\"><div class=\"wpb_wrapper\">[rev_slider_vc alias=&#8221;the-koh-chang-villa-collection&#8221;]<\/div><\/div><\/div><\/div><\/div><\/section><section class=\"l-section wpb_row height_small\"><div class=\"l-section-h i-cf\"><div class=\"g-cols vc_row via_flex valign_top type_default stacking_default\"><div class=\"vc_col-sm-12 wpb_column vc_column_container\"><div class=\"vc_column-inner\"><div class=\"wpb_wrapper\"><div class=\"wpb_text_column\"><div class=\"wpb_wrapper\"><h1>Die Koh Chang Villa Ferienh\u00e4user Auswahl<\/h1>\n<p>besteht aus drei 2-geschossigen oder besser gesagt 4-Zimmer Fereinvillen welche Ihren Koh Chang Traum-Urlaub in Thailand wahr werden lassen!<\/p>\n<p>Gebaut 2013, 2015 und 2018 nach westlichen Standards und m\u00f6bliert von einem Schweizer Innenarchitekten. Selten finden sie westlichen Standard gemischt mit tropischem Lebensstil. Der zeitgen\u00f6ssische Einrichtungsstil macht Urlaub f\u00fcr Familien, Ehepaare oder Gruppen von Freunden komfortabel und genussreich!<\/p>\n<p>Alle Koh Chang Ferienvillen k\u00f6nnen bis zu 8 Erwachsene in vier separat zug\u00e4nglichen Schlafzimmern beherbergen. In der Villa 60d, k\u00f6nnen auf 2 separaten Geschossen, in 4 Schlafzimmern bis zu 8 oder mit aufpreispflichtigen Zusatzbetten bis zu 10 Personen Platz finden. Bei Villa 60d kann jede Etage separat gemietet werden.<\/p>\n<p>Die H\u00e4user liegen im Siam Bay View Dorf, in Klong Son auf der Insel Koh Chang, in Thailand. Gleich etwa 500m nach der F\u00e4hrenstation geht&#8217;s nach rechts und schon sind sie am Ziel angelangt! 10 Minuten nachdem sie mit der F\u00e4hre angekommen sind f\u00e4ngt der Urlaub schon an!<\/p>\n<p>Mit der Miete eines unserer H\u00e4user haben Sie automatisch Zutritt zu allen Annehmlichkeiten des Siam Bay View Dorfes, wie 9 Loch Pitch und Put Golfplatz, Frisbee Golfplatz, Boots und Kajakvermietung, Tauchschule, SPA und Massage, 3 Endlosschwimmb\u00e4der, Beachclub und diverse Restaurants in und um unser Dorf! Im Dorf ist das Taxi gratis, es k\u00f6nnen aber auch Motorr\u00e4der und Autos innerhalb vom Dorf gemietet werden!<\/p>\n<p>Das Siam Bay View Dorf ist das luxuri\u00f6seste und sch\u00f6nste und gr\u00f6sste Ferienprojekt auf der Insel Koh Chang. Niemand anders bietet soviel Unterhaltungen und Abwechslung!!<\/p>\n<\/div><\/div><\/div><\/div><\/div><\/div><\/div><\/section><section class=\"l-section wpb_row height_small\"><div class=\"l-section-h i-cf\"><div class=\"g-cols vc_row via_flex valign_top type_default stacking_default\"><div class=\"vc_col-sm-6 wpb_column vc_column_container\"><div class=\"vc_column-inner\"><div class=\"wpb_wrapper\"><div class=\"wpb_text_column\"><div class=\"wpb_wrapper\"><h2 style=\"text-align: center;\"><strong>4-Zimmer Luxus Pool Ferienvilla, 60D<\/strong><\/h2>\n<\/div><\/div><div class=\"w-flipbox animation_coveropen direction_w\"><div class=\"w-flipbox-h easing_ease\" style=\"transition-duration:0.5s;\"><div class=\"w-flipbox-hh\"><div class=\"w-flipbox-front us_custom_ee08caef\" style=\"background-image:url(https:\/\/koh-chang-villa.com\/wp-content\/uploads\/2019\/01\/exterior-view-koh-chang-pool-villa-60d.jpg);\"><div class=\"w-flipbox-front-h\"><\/div><\/div><div class=\"w-flipbox-back us_custom_ee08caef\" style=\"display:none;color:#ffffff;\"><div class=\"w-flipbox-back-h\"><h4 class=\"w-flipbox-back-title\">4-Zimmer Luxus Pool Ferienvilla, 60D<\/h4><div class=\"w-flipbox-back-desc\"><p>4 Bedrooms with 4 en suite bathrooms, living room with kitchen and 2 Terraces, in two storey Luxury Pool Villa.<br \/>\nAmazing views front side towards ocean, back side towards Golf Course.<br \/>\nA special feature of this villa is that you have a private swimming pool.<\/p>\n<\/div><a title=\"4-Zimmer Luxus Pool Ferienvilla, 60D\" href=\"\/de\/private-koh-chang-pool-villa_60d\/\" class=\"w-btn us-btn-style_19\"><span class=\"w-btn-label\">Mehr Infos<\/span><\/a><\/div><\/div><\/div><\/div><\/div><\/div><\/div><\/div><div class=\"vc_col-sm-6 wpb_column vc_column_container\"><div class=\"vc_column-inner\"><div class=\"wpb_wrapper\"><div class=\"wpb_text_column\"><div class=\"wpb_wrapper\"><h2 style=\"text-align: center;\"><strong>4-Zimmer Luxus Pool Ferienvilla, 65C<\/strong><\/h2>\n<\/div><\/div><div class=\"w-flipbox animation_coveropen direction_w\"><div class=\"w-flipbox-h easing_ease\" style=\"transition-duration:0.5s;\"><div class=\"w-flipbox-hh\"><div class=\"w-flipbox-front us_custom_ee08caef\" style=\"background-image:url(https:\/\/koh-chang-villa.com\/wp-content\/uploads\/2018\/08\/4-Bed-Room-Luxury-Pool-Villa.jpg);\"><div class=\"w-flipbox-front-h\"><\/div><\/div><div class=\"w-flipbox-back us_custom_ee08caef\" style=\"display:none;color:#ffffff;\"><div class=\"w-flipbox-back-h\"><h4 class=\"w-flipbox-back-title\">4 Bed Room Luxury Pool Villa, 65c<\/h4><div class=\"w-flipbox-back-desc\"><p>The villa offers you four fully furnished and air-conditioned bed rooms for 8 people with a spacious air-conditioned living room that can be equipped with an additional bed if needed.<\/p>\n<p>A special feature of this villa is that you have a private swimming pool.<\/p>\n<\/div><a title=\"4-Zimmer Luxus Pool Ferienvilla, 65C\" href=\"\/de\/koh-chang-pool-villa_65c\/\" class=\"w-btn us-btn-style_16\"><span class=\"w-btn-label\">Mehr Infos<\/span><\/a><\/div><\/div><\/div><\/div><\/div><\/div><\/div><\/div><\/div><\/div><\/section>\n","protected":false},"excerpt":{"rendered":"[rev_slider_vc alias=\"the-koh-chang-villa-collection\"] Die Koh Chang Villa Ferienh\u00e4user Auswahl besteht aus drei 2-geschossigen oder besser gesagt 4-Zimmer Fereinvillen welche Ihren Koh Chang Traum-Urlaub in Thailand wahr werden lassen! Gebaut 2013, 2015 und 2018 nach westlichen Standards und m\u00f6bliert von einem Schweizer Innenarchitekten. Selten finden sie westlichen Standard gemischt mit tropischem Lebensstil. Der zeitgen\u00f6ssische Einrichtungsstil macht Urlaub...","protected":false},"author":1,"featured_media":0,"parent":0,"menu_order":0,"comment_status":"closed","ping_status":"closed","template":"","meta":{"inline_featured_image":false,"footnotes":""},"class_list":["post-8853","page","type-page","status-publish","hentry"],"yoast_head":"<!-- This site is optimized with the Yoast SEO plugin v25.8 - https:\/\/yoast.com\/wordpress\/plugins\/seo\/ -->\n<title>Koh Chang Ferienh\u00e4user Auswahl - Koh Chang Villa | Thailand Vacation Villa Rental |<\/title>\n<meta name=\"description\" content=\"Die Koh Chang Ferienh\u00e4user Kollektion besteht aus f\u00fcnf zweist\u00f6ckigen Luxusvillen mit 2 bis 4 Schlafzimmern, die Ihren Traumurlaub auf Koh Chang Island Thailand wahr werden lassen!\" \/>\n<meta name=\"robots\" content=\"index, follow, max-snippet:-1, max-image-preview:large, max-video-preview:-1\" \/>\n<link rel=\"canonical\" href=\"https:\/\/koh-chang-villa.com\/de\/koh-chang-ferienhauser-auswahl\/\" \/>\n<meta property=\"og:locale\" content=\"de_DE\" \/>\n<meta property=\"og:type\" content=\"article\" \/>\n<meta property=\"og:title\" content=\"Koh Chang Ferienh\u00e4user Auswahl - Koh Chang Villa | Thailand Vacation Villa Rental |\" \/>\n<meta property=\"og:description\" content=\"Die Koh Chang Ferienh\u00e4user Kollektion besteht aus f\u00fcnf zweist\u00f6ckigen Luxusvillen mit 2 bis 4 Schlafzimmern, die Ihren Traumurlaub auf Koh Chang Island Thailand wahr werden lassen!\" \/>\n<meta property=\"og:url\" content=\"https:\/\/koh-chang-villa.com\/de\/koh-chang-ferienhauser-auswahl\/\" \/>\n<meta property=\"og:site_name\" content=\"Koh Chang Villa | Thailand Vacation Villa Rental |\" \/>\n<meta property=\"article:publisher\" content=\"https:\/\/www.facebook.com\/koh.chang.villa\/\" \/>\n<meta property=\"article:modified_time\" content=\"2023-12-08T12:19:25+00:00\" \/>\n<meta name=\"twitter:card\" content=\"summary_large_image\" \/>\n<meta name=\"twitter:label1\" content=\"Est. reading time\" \/>\n\t<meta name=\"twitter:data1\" content=\"3 minutes\" \/>\n<script type=\"application\/ld+json\" class=\"yoast-schema-graph\">{\"@context\":\"https:\/\/schema.org\",\"@graph\":[{\"@type\":\"WebPage\",\"@id\":\"https:\/\/koh-chang-villa.com\/de\/koh-chang-ferienhauser-auswahl\/\",\"url\":\"https:\/\/koh-chang-villa.com\/de\/koh-chang-ferienhauser-auswahl\/\",\"name\":\"Koh Chang Ferienh\u00e4user Auswahl - Koh Chang Villa | Thailand Vacation Villa Rental |\",\"isPartOf\":{\"@id\":\"https:\/\/koh-chang-villa.com\/de\/#website\"},\"datePublished\":\"2019-02-07T06:28:21+00:00\",\"dateModified\":\"2023-12-08T12:19:25+00:00\",\"description\":\"Die Koh Chang Ferienh\u00e4user Kollektion besteht aus f\u00fcnf zweist\u00f6ckigen Luxusvillen mit 2 bis 4 Schlafzimmern, die Ihren Traumurlaub auf Koh Chang Island Thailand wahr werden lassen!\",\"breadcrumb\":{\"@id\":\"https:\/\/koh-chang-villa.com\/de\/koh-chang-ferienhauser-auswahl\/#breadcrumb\"},\"inLanguage\":\"de-DE\",\"potentialAction\":[{\"@type\":\"ReadAction\",\"target\":[\"https:\/\/koh-chang-villa.com\/de\/koh-chang-ferienhauser-auswahl\/\"]}]},{\"@type\":\"BreadcrumbList\",\"@id\":\"https:\/\/koh-chang-villa.com\/de\/koh-chang-ferienhauser-auswahl\/#breadcrumb\",\"itemListElement\":[{\"@type\":\"ListItem\",\"position\":1,\"name\":\"Home\",\"item\":\"https:\/\/koh-chang-villa.com\/de\/\"},{\"@type\":\"ListItem\",\"position\":2,\"name\":\"Koh Chang Ferienh\u00e4user Auswahl\"}]},{\"@type\":\"WebSite\",\"@id\":\"https:\/\/koh-chang-villa.com\/de\/#website\",\"url\":\"https:\/\/koh-chang-villa.com\/de\/\",\"name\":\"Koh Chang Villa | Thailand Vacation Villa Rental |\",\"description\":\"Welcome at Koh Chang Island\",\"potentialAction\":[{\"@type\":\"SearchAction\",\"target\":{\"@type\":\"EntryPoint\",\"urlTemplate\":\"https:\/\/koh-chang-villa.com\/de\/?s={search_term_string}\"},\"query-input\":{\"@type\":\"PropertyValueSpecification\",\"valueRequired\":true,\"valueName\":\"search_term_string\"}}],\"inLanguage\":\"de-DE\"}]}<\/script>\n<!-- \/ Yoast SEO plugin. -->","yoast_head_json":{"title":"Koh Chang Ferienh\u00e4user Auswahl - Koh Chang Villa | Thailand Vacation Villa Rental |","description":"Die Koh Chang Ferienh\u00e4user Kollektion besteht aus f\u00fcnf zweist\u00f6ckigen Luxusvillen mit 2 bis 4 Schlafzimmern, die Ihren Traumurlaub auf Koh Chang Island Thailand wahr werden lassen!","robots":{"index":"index","follow":"follow","max-snippet":"max-snippet:-1","max-image-preview":"max-image-preview:large","max-video-preview":"max-video-preview:-1"},"canonical":"https:\/\/koh-chang-villa.com\/de\/koh-chang-ferienhauser-auswahl\/","og_locale":"de_DE","og_type":"article","og_title":"Koh Chang Ferienh\u00e4user Auswahl - Koh Chang Villa | Thailand Vacation Villa Rental |","og_description":"Die Koh Chang Ferienh\u00e4user Kollektion besteht aus f\u00fcnf zweist\u00f6ckigen Luxusvillen mit 2 bis 4 Schlafzimmern, die Ihren Traumurlaub auf Koh Chang Island Thailand wahr werden lassen!","og_url":"https:\/\/koh-chang-villa.com\/de\/koh-chang-ferienhauser-auswahl\/","og_site_name":"Koh Chang Villa | Thailand Vacation Villa Rental |","article_publisher":"https:\/\/www.facebook.com\/koh.chang.villa\/","article_modified_time":"2023-12-08T12:19:25+00:00","twitter_card":"summary_large_image","twitter_misc":{"Est. reading time":"3 minutes"},"schema":{"@context":"https:\/\/schema.org","@graph":[{"@type":"WebPage","@id":"https:\/\/koh-chang-villa.com\/de\/koh-chang-ferienhauser-auswahl\/","url":"https:\/\/koh-chang-villa.com\/de\/koh-chang-ferienhauser-auswahl\/","name":"Koh Chang Ferienh\u00e4user Auswahl - Koh Chang Villa | Thailand Vacation Villa Rental |","isPartOf":{"@id":"https:\/\/koh-chang-villa.com\/de\/#website"},"datePublished":"2019-02-07T06:28:21+00:00","dateModified":"2023-12-08T12:19:25+00:00","description":"Die Koh Chang Ferienh\u00e4user Kollektion besteht aus f\u00fcnf zweist\u00f6ckigen Luxusvillen mit 2 bis 4 Schlafzimmern, die Ihren Traumurlaub auf Koh Chang Island Thailand wahr werden lassen!","breadcrumb":{"@id":"https:\/\/koh-chang-villa.com\/de\/koh-chang-ferienhauser-auswahl\/#breadcrumb"},"inLanguage":"de-DE","potentialAction":[{"@type":"ReadAction","target":["https:\/\/koh-chang-villa.com\/de\/koh-chang-ferienhauser-auswahl\/"]}]},{"@type":"BreadcrumbList","@id":"https:\/\/koh-chang-villa.com\/de\/koh-chang-ferienhauser-auswahl\/#breadcrumb","itemListElement":[{"@type":"ListItem","position":1,"name":"Home","item":"https:\/\/koh-chang-villa.com\/de\/"},{"@type":"ListItem","position":2,"name":"Koh Chang Ferienh\u00e4user Auswahl"}]},{"@type":"WebSite","@id":"https:\/\/koh-chang-villa.com\/de\/#website","url":"https:\/\/koh-chang-villa.com\/de\/","name":"Koh Chang Villa | Thailand Vacation Villa Rental |","description":"Welcome at Koh Chang Island","potentialAction":[{"@type":"SearchAction","target":{"@type":"EntryPoint","urlTemplate":"https:\/\/koh-chang-villa.com\/de\/?s={search_term_string}"},"query-input":{"@type":"PropertyValueSpecification","valueRequired":true,"valueName":"search_term_string"}}],"inLanguage":"de-DE"}]}},"_links":{"self":[{"href":"https:\/\/koh-chang-villa.com\/de\/wp-json\/wp\/v2\/pages\/8853","targetHints":{"allow":["GET"]}}],"collection":[{"href":"https:\/\/koh-chang-villa.com\/de\/wp-json\/wp\/v2\/pages"}],"about":[{"href":"https:\/\/koh-chang-villa.com\/de\/wp-json\/wp\/v2\/types\/page"}],"author":[{"embeddable":true,"href":"https:\/\/koh-chang-villa.com\/de\/wp-json\/wp\/v2\/users\/1"}],"replies":[{"embeddable":true,"href":"https:\/\/koh-chang-villa.com\/de\/wp-json\/wp\/v2\/comments?post=8853"}],"version-history":[{"count":0,"href":"https:\/\/koh-chang-villa.com\/de\/wp-json\/wp\/v2\/pages\/8853\/revisions"}],"wp:attachment":[{"href":"https:\/\/koh-chang-villa.com\/de\/wp-json\/wp\/v2\/media?parent=8853"}],"curies":[{"name":"wp","href":"https:\/\/api.w.org\/{rel}","templated":true}]}}