{"id":8846,"date":"2019-02-07T13:20:57","date_gmt":"2019-02-07T06:20:57","guid":{"rendered":"https:\/\/www.koh-chang-villa.com\/koh-chang-marina\/"},"modified":"2019-02-07T13:20:57","modified_gmt":"2019-02-07T06:20:57","slug":"koh-chang-marina","status":"publish","type":"page","link":"https:\/\/koh-chang-villa.com\/de\/koh-chang-marina\/","title":{"rendered":"Koh Chang Marina"},"content":{"rendered":"<section class=\"l-section wpb_row height_auto width_full\"><div class=\"l-section-h i-cf\"><div class=\"g-cols vc_row via_flex valign_top type_default stacking_default\"><div class=\"vc_col-sm-12 wpb_column vc_column_container\"><div class=\"vc_column-inner\"><div class=\"wpb_wrapper\">[rev_slider_vc alias=&#8221;koh-chang-marina&#8221;]<\/div><\/div><\/div><\/div><\/div><\/section><section class=\"l-section wpb_row height_small\"><div class=\"l-section-h i-cf\"><div class=\"g-cols vc_row via_flex valign_top type_default stacking_default\"><div class=\"vc_col-sm-8 wpb_column vc_column_container\"><div class=\"vc_column-inner\"><div class=\"wpb_wrapper\"><div class=\"wpb_text_column\"><div class=\"wpb_wrapper\"><h1>Koh Chang Marina<\/h1>\n<p>Als Gast in unserem Resort, haben Sie Zugang zur Koh Chang Marina. Die Marina bietet eine Menge Unterhaltungsm\u00f6glichkeiten sowie ein Schwimmbad im Hotel, Restaurants, Massage und SPA. Von den Restaurants haben sie eine sch\u00f6ne Aussicht auf den Klong Son River!\n<\/p>\n<p>Die Koh Chang Marina ist die fortschrittlichste Marina am \u00f6stlichen Seabord. Sie ist der Ideale Ausgangspunkt f\u00fcr Bootseigner im Golf von Thailand oder Segler, die hier die Gegend erkunden m\u00f6chten.<\/p>\n<p>Die Gegend hier hat viel zu bieten f\u00fcr erfahrene Segler. 60 Inseln im Chang Archipel, sowie den Trat Fluss und die Meere in Kambodschas n\u00e4he.<\/p>\n<p>Die Marina bietet als einzige Anlage im Umkreis von 200km einen vollen Marina Service! Die Marina ist am Klong Son River, sehr gut gesch\u00fctzt und einfach zu finden und ein- auszufahren.<\/p>\n<\/div><\/div><\/div><\/div><\/div><div class=\"vc_col-sm-4 wpb_column vc_column_container\"><div class=\"vc_column-inner\"><div class=\"wpb_wrapper\"><div class=\"wpb_text_column\"><div class=\"wpb_wrapper\"><h2>Bilder Galerie<\/h2>\n<\/div><\/div><div class=\"w-slider style_none fit_scaledown nav_dots count_9\"><div class=\"w-slider-h\"><div class=\"royalSlider\"><div class=\"rsContent\"><a class=\"rsImg\" data-rsw=\"800\" data-rsh=\"527\" href=\"https:\/\/koh-chang-villa.com\/wp-content\/uploads\/2018\/09\/Koh-Chang-Luxury-Villa-Koh-Chang-Impresssions-High-View-Cave.jpg\"><span data-alt=\"\"><\/span><\/a><\/div><div class=\"rsContent\"><a class=\"rsImg\" data-rsw=\"800\" data-rsh=\"528\" href=\"https:\/\/koh-chang-villa.com\/wp-content\/uploads\/2018\/09\/Koh-Chang-Luxury-Villa-Koh-Chang-Impresssions-High-View-Main.jpg\"><span data-alt=\"\"><\/span><\/a><\/div><div class=\"rsContent\"><a class=\"rsImg\" data-rsw=\"623\" data-rsh=\"600\" href=\"https:\/\/koh-chang-villa.com\/wp-content\/uploads\/2018\/09\/Koh-Chang-Luxury-Villa-Koh-Chang-Impresssions-High-View.jpg\"><span data-alt=\"\"><\/span><\/a><\/div><div class=\"rsContent\"><a class=\"rsImg\" data-rsw=\"700\" data-rsh=\"720\" href=\"https:\/\/koh-chang-villa.com\/wp-content\/uploads\/2018\/09\/koh-chang-thailand-map.jpg\"><span data-alt=\"\"><\/span><\/a><\/div><div class=\"rsContent\"><a class=\"rsImg\" data-rsw=\"393\" data-rsh=\"600\" href=\"https:\/\/koh-chang-villa.com\/wp-content\/uploads\/2018\/09\/Koh-Chang-Luxury-Villa-Koh-Chang-Marina-Sunset-Yatch.jpg\"><span data-alt=\"\"><\/span><\/a><\/div><div class=\"rsContent\"><a class=\"rsImg\" data-rsw=\"1706\" data-rsh=\"960\" href=\"https:\/\/koh-chang-villa.com\/wp-content\/uploads\/2018\/09\/koh-chang-marina-4.jpg\"><span data-alt=\"\"><\/span><\/a><\/div><div class=\"rsContent\"><a class=\"rsImg\" data-rsw=\"750\" data-rsh=\"400\" href=\"https:\/\/koh-chang-villa.com\/wp-content\/uploads\/2018\/09\/koh-chang-marina-2.jpg\"><span data-alt=\"\"><\/span><\/a><\/div><div class=\"rsContent\"><a class=\"rsImg\" data-rsw=\"750\" data-rsh=\"400\" href=\"https:\/\/koh-chang-villa.com\/wp-content\/uploads\/2018\/09\/koh-chang-marina-3.jpg\"><span data-alt=\"\"><\/span><\/a><\/div><div class=\"rsContent\"><a class=\"rsImg\" data-rsw=\"750\" data-rsh=\"400\" href=\"https:\/\/koh-chang-villa.com\/wp-content\/uploads\/2018\/09\/koh-chang-marina-1.jpg\"><span data-alt=\"\"><\/span><\/a><\/div><\/div><img decoding=\"async\" src=\"https:\/\/koh-chang-villa.com\/wp-content\/uploads\/2018\/09\/Koh-Chang-Luxury-Villa-Koh-Chang-Impresssions-High-View-Cave.jpg\" width=\"800\" height=\"527\" alt loading=\"lazy\"><\/div><div class=\"w-slider-json\" onclick='return {&quot;autoScaleSlider&quot;:true,&quot;addActiveClass&quot;:true,&quot;loop&quot;:true,&quot;fadeInLoadedSlide&quot;:false,&quot;slidesSpacing&quot;:0,&quot;imageScalePadding&quot;:0,&quot;numImagesToPreload&quot;:2,&quot;arrowsNav&quot;:true,&quot;arrowsNavAutoHide&quot;:false,&quot;transitionType&quot;:&quot;fade&quot;,&quot;transitionSpeed&quot;:250,&quot;block&quot;:{&quot;moveEffect&quot;:&quot;none&quot;,&quot;speed&quot;:300},&quot;thumbs&quot;:{&quot;fitInViewport&quot;:false,&quot;firstMargin&quot;:false,&quot;spacing&quot;:4},&quot;controlNavigation&quot;:&quot;bullets&quot;,&quot;autoplay&quot;:{&quot;enabled&quot;:true,&quot;pauseOnHover&quot;:true,&quot;delay&quot;:10000},&quot;autoScaleSliderWidth&quot;:800,&quot;autoScaleSliderHeight&quot;:527}'><\/div><\/div><div class=\"w-separator size_small\"><\/div><div class=\"wpb_text_column\"><div class=\"wpb_wrapper\"><h2>Video Impressionen<\/h2>\n<\/div><\/div><div class=\"w-video align_none ratio_16x9 has_iframe\"><div class=\"w-video-h\"><iframe title=\"Youtube video player\" src=\"\/\/www.youtube.com\/embed\/r3iB6ljYFOk?autoplay=0&controls=1&origin=https:\/\/koh-chang-villa.com\/de\/&loop=0&mute=0\" allowfullscreen=\"1\" loading=\"lazy\"><\/iframe><\/div><\/div><\/div><\/div><\/div><\/div><\/div><\/section>\n","protected":false},"excerpt":{"rendered":"[rev_slider_vc alias=\"koh-chang-marina\"] Koh Chang Marina Als Gast in unserem Resort, haben Sie Zugang zur Koh Chang Marina. Die Marina bietet eine Menge Unterhaltungsm\u00f6glichkeiten sowie ein Schwimmbad im Hotel, Restaurants, Massage und SPA. Von den Restaurants haben sie eine sch\u00f6ne Aussicht auf den Klong Son River! Die Koh Chang Marina ist die fortschrittlichste Marina am \u00f6stlichen...","protected":false},"author":1,"featured_media":0,"parent":0,"menu_order":0,"comment_status":"closed","ping_status":"closed","template":"","meta":{"inline_featured_image":false,"footnotes":""},"class_list":["post-8846","page","type-page","status-publish","hentry"],"yoast_head":"<!-- This site is optimized with the Yoast SEO plugin v25.8 - https:\/\/yoast.com\/wordpress\/plugins\/seo\/ -->\n<title>Koh Chang Marina - Koh Chang Villa | Thailand Vacation Villa Rental |<\/title>\n<meta name=\"description\" content=\"Koh Chang Marina -\" \/>\n<meta name=\"robots\" content=\"index, follow, max-snippet:-1, max-image-preview:large, max-video-preview:-1\" \/>\n<link rel=\"canonical\" href=\"https:\/\/koh-chang-villa.com\/de\/koh-chang-marina\/\" \/>\n<meta property=\"og:locale\" content=\"de_DE\" \/>\n<meta property=\"og:type\" content=\"article\" \/>\n<meta property=\"og:title\" content=\"Koh Chang Marina - Koh Chang Villa | Thailand Vacation Villa Rental |\" \/>\n<meta property=\"og:description\" content=\"Koh Chang Marina -\" \/>\n<meta property=\"og:url\" content=\"https:\/\/koh-chang-villa.com\/de\/koh-chang-marina\/\" \/>\n<meta property=\"og:site_name\" content=\"Koh Chang Villa | Thailand Vacation Villa Rental |\" \/>\n<meta property=\"article:publisher\" content=\"https:\/\/www.facebook.com\/koh.chang.villa\/\" \/>\n<meta name=\"twitter:card\" content=\"summary_large_image\" \/>\n<meta name=\"twitter:label1\" content=\"Est. reading time\" \/>\n\t<meta name=\"twitter:data1\" content=\"1 minute\" \/>\n<script type=\"application\/ld+json\" class=\"yoast-schema-graph\">{\"@context\":\"https:\/\/schema.org\",\"@graph\":[{\"@type\":\"WebPage\",\"@id\":\"https:\/\/koh-chang-villa.com\/de\/koh-chang-marina\/\",\"url\":\"https:\/\/koh-chang-villa.com\/de\/koh-chang-marina\/\",\"name\":\"Koh Chang Marina - Koh Chang Villa | Thailand Vacation Villa Rental |\",\"isPartOf\":{\"@id\":\"https:\/\/koh-chang-villa.com\/de\/#website\"},\"datePublished\":\"2019-02-07T06:20:57+00:00\",\"description\":\"Koh Chang Marina -\",\"breadcrumb\":{\"@id\":\"https:\/\/koh-chang-villa.com\/de\/koh-chang-marina\/#breadcrumb\"},\"inLanguage\":\"de-DE\",\"potentialAction\":[{\"@type\":\"ReadAction\",\"target\":[\"https:\/\/koh-chang-villa.com\/de\/koh-chang-marina\/\"]}]},{\"@type\":\"BreadcrumbList\",\"@id\":\"https:\/\/koh-chang-villa.com\/de\/koh-chang-marina\/#breadcrumb\",\"itemListElement\":[{\"@type\":\"ListItem\",\"position\":1,\"name\":\"Home\",\"item\":\"https:\/\/koh-chang-villa.com\/de\/\"},{\"@type\":\"ListItem\",\"position\":2,\"name\":\"Koh Chang Marina\"}]},{\"@type\":\"WebSite\",\"@id\":\"https:\/\/koh-chang-villa.com\/de\/#website\",\"url\":\"https:\/\/koh-chang-villa.com\/de\/\",\"name\":\"Koh Chang Villa | Thailand Vacation Villa Rental |\",\"description\":\"Welcome at Koh Chang Island\",\"potentialAction\":[{\"@type\":\"SearchAction\",\"target\":{\"@type\":\"EntryPoint\",\"urlTemplate\":\"https:\/\/koh-chang-villa.com\/de\/?s={search_term_string}\"},\"query-input\":{\"@type\":\"PropertyValueSpecification\",\"valueRequired\":true,\"valueName\":\"search_term_string\"}}],\"inLanguage\":\"de-DE\"}]}<\/script>\n<!-- \/ Yoast SEO plugin. -->","yoast_head_json":{"title":"Koh Chang Marina - Koh Chang Villa | Thailand Vacation Villa Rental |","description":"Koh Chang Marina -","robots":{"index":"index","follow":"follow","max-snippet":"max-snippet:-1","max-image-preview":"max-image-preview:large","max-video-preview":"max-video-preview:-1"},"canonical":"https:\/\/koh-chang-villa.com\/de\/koh-chang-marina\/","og_locale":"de_DE","og_type":"article","og_title":"Koh Chang Marina - Koh Chang Villa | Thailand Vacation Villa Rental |","og_description":"Koh Chang Marina -","og_url":"https:\/\/koh-chang-villa.com\/de\/koh-chang-marina\/","og_site_name":"Koh Chang Villa | Thailand Vacation Villa Rental |","article_publisher":"https:\/\/www.facebook.com\/koh.chang.villa\/","twitter_card":"summary_large_image","twitter_misc":{"Est. reading time":"1 minute"},"schema":{"@context":"https:\/\/schema.org","@graph":[{"@type":"WebPage","@id":"https:\/\/koh-chang-villa.com\/de\/koh-chang-marina\/","url":"https:\/\/koh-chang-villa.com\/de\/koh-chang-marina\/","name":"Koh Chang Marina - Koh Chang Villa | Thailand Vacation Villa Rental |","isPartOf":{"@id":"https:\/\/koh-chang-villa.com\/de\/#website"},"datePublished":"2019-02-07T06:20:57+00:00","description":"Koh Chang Marina -","breadcrumb":{"@id":"https:\/\/koh-chang-villa.com\/de\/koh-chang-marina\/#breadcrumb"},"inLanguage":"de-DE","potentialAction":[{"@type":"ReadAction","target":["https:\/\/koh-chang-villa.com\/de\/koh-chang-marina\/"]}]},{"@type":"BreadcrumbList","@id":"https:\/\/koh-chang-villa.com\/de\/koh-chang-marina\/#breadcrumb","itemListElement":[{"@type":"ListItem","position":1,"name":"Home","item":"https:\/\/koh-chang-villa.com\/de\/"},{"@type":"ListItem","position":2,"name":"Koh Chang Marina"}]},{"@type":"WebSite","@id":"https:\/\/koh-chang-villa.com\/de\/#website","url":"https:\/\/koh-chang-villa.com\/de\/","name":"Koh Chang Villa | Thailand Vacation Villa Rental |","description":"Welcome at Koh Chang Island","potentialAction":[{"@type":"SearchAction","target":{"@type":"EntryPoint","urlTemplate":"https:\/\/koh-chang-villa.com\/de\/?s={search_term_string}"},"query-input":{"@type":"PropertyValueSpecification","valueRequired":true,"valueName":"search_term_string"}}],"inLanguage":"de-DE"}]}},"_links":{"self":[{"href":"https:\/\/koh-chang-villa.com\/de\/wp-json\/wp\/v2\/pages\/8846","targetHints":{"allow":["GET"]}}],"collection":[{"href":"https:\/\/koh-chang-villa.com\/de\/wp-json\/wp\/v2\/pages"}],"about":[{"href":"https:\/\/koh-chang-villa.com\/de\/wp-json\/wp\/v2\/types\/page"}],"author":[{"embeddable":true,"href":"https:\/\/koh-chang-villa.com\/de\/wp-json\/wp\/v2\/users\/1"}],"replies":[{"embeddable":true,"href":"https:\/\/koh-chang-villa.com\/de\/wp-json\/wp\/v2\/comments?post=8846"}],"version-history":[{"count":0,"href":"https:\/\/koh-chang-villa.com\/de\/wp-json\/wp\/v2\/pages\/8846\/revisions"}],"wp:attachment":[{"href":"https:\/\/koh-chang-villa.com\/de\/wp-json\/wp\/v2\/media?parent=8846"}],"curies":[{"name":"wp","href":"https:\/\/api.w.org\/{rel}","templated":true}]}}