{"id":8840,"date":"2019-02-07T13:16:59","date_gmt":"2019-02-07T06:16:59","guid":{"rendered":"https:\/\/www.koh-chang-villa.com\/koh-chang-golf\/"},"modified":"2021-03-31T21:13:01","modified_gmt":"2021-03-31T14:13:01","slug":"koh-chang-golf","status":"publish","type":"page","link":"https:\/\/koh-chang-villa.com\/de\/koh-chang-golf\/","title":{"rendered":"Koh Chang Golf"},"content":{"rendered":"<section class=\"l-section wpb_row height_auto width_full\"><div class=\"l-section-h i-cf\"><div class=\"g-cols vc_row via_flex valign_top type_default stacking_default\"><div class=\"vc_col-sm-12 wpb_column vc_column_container\"><div class=\"vc_column-inner\"><div class=\"wpb_wrapper\">[rev_slider_vc alias=&#8221;koh-chang-golfing&#8221;]<\/div><\/div><\/div><\/div><\/div><\/section><section class=\"l-section wpb_row height_small\"><div class=\"l-section-h i-cf\"><div class=\"g-cols vc_row via_flex valign_top type_default stacking_default\"><div class=\"vc_col-sm-8 wpb_column vc_column_container\"><div class=\"vc_column-inner\"><div class=\"wpb_wrapper\"><div class=\"wpb_text_column\"><div class=\"wpb_wrapper\"><h1>Koh Chang Golf?<\/h1>\n<p>Falls Sie Lust haben Ihr Golfspiel zu verbessern, hier haben wir die optimale M\u00f6glichkeit! Als Gast von Siam Royal Bay haben Sie Zutritt zu Koh Changs einzigem Golfplatz. Es ist ein 9 Loch Pitch und Put Golfplatz.<\/p>\n<p>Der Golfplatz ist in eine Lagune eingebettet, nur 100m entfernt vom Sandstrand. Mit vielen lokalen B\u00e4umen und Palmen bildet der Golfplatz eine tolle Park\u00e4hnliche Landschaft in unserem Resort.<\/p>\n<p>Der Golfkurs besteht aus 9 Par 3 L\u00f6chern. Auch f\u00fcr sehr erfahrene gute Golfer ist der Platz eine echte Herausforderung! Jeweils am Mittag werden die Abschl\u00e4ge auf die andere Seite gedreht, sodass es m\u00f6glich ist, an einem Tag 18 verschiedene L\u00f6cher zu spielen.<\/p>\n<p>Die k\u00fcnstlichen, \u00fcberh\u00f6hten Greens und die k\u00fcnstlichen Abschl\u00e4ge sind einzigartig in Thailand. Zusammen mit den gut entw\u00e4sserten Bunkern ist es m\u00f6glich, auch nach einem heftigen Regen sofort wieder zu spielen.<\/p>\n<p>Mitten in einer Lagune platziert, bietet der Golfkurs gen\u00fcgend Wasserhindernisse! Das Spiel geht \u00fcber wundersch\u00f6n angelegte Fairways und zwischen Inseln. Es gibt sogar ein Loch, wo die Spieler von einer kleinen Insel auf die n\u00e4chste kleine Insel spielen m\u00fcssen. Das ist etwas, was wahrlich einzigartig in Thailand ist!<\/p>\n<p>Der Golfplatz wurde geplant in \u00dcbereinstimmung mit den internationalen Regeln f\u00fcr Pitch und Put Federation Regulations und Turnier Spezifikationen.\n<\/p>\n<p>Happy Golf Chang Golfing !<\/p>\n<\/div><\/div><div class=\"w-tabs layout_hor style_default switch_click has_scrolling\" style=\"--sections-title-size:1em\"><div class=\"w-tabs-list items_5 align_none\"><div class=\"w-tabs-list-h\"><button class=\"w-tabs-item active\" aria-controls=\"content-y911\" aria-expanded=\"false\"><span class=\"w-tabs-item-title\">Golfkursanleitung<\/span><\/button><button class=\"w-tabs-item\" aria-controls=\"content-gd40\" aria-expanded=\"false\"><span class=\"w-tabs-item-title\">Golfplatz Layout<\/span><\/button><button class=\"w-tabs-item\" aria-controls=\"content-ze0a\" aria-expanded=\"false\"><span class=\"w-tabs-item-title\">Spielanleitung<\/span><\/button><button class=\"w-tabs-item\" aria-controls=\"content-ye9b\" aria-expanded=\"false\"><span class=\"w-tabs-item-title\">Spielregeln<\/span><\/button><button class=\"w-tabs-item\" aria-controls=\"content-ff2a\" aria-expanded=\"false\"><span class=\"w-tabs-item-title\">Preise | Green Fee<\/span><\/button><\/div><\/div><div class=\"w-tabs-sections titles-align_none icon_chevron cpos_right\"><div class=\"w-tabs-section active\" id=\"y911\"><button class=\"w-tabs-section-header active\" aria-controls=\"content-y911\" aria-expanded=\"true\"><div class=\"w-tabs-section-title\">Golfkursanleitung<\/div><div class=\"w-tabs-section-control\"><\/div><\/button><div  class=\"w-tabs-section-content\" id=\"content-y911\"><div class=\"w-tabs-section-content-h i-cf\"><div class=\"wpb_text_column\"><div class=\"wpb_wrapper\"><p>Siam Royal Bay`s Golfplatz ist ein 9 Loch Pitch und Put Golfplatz. Es ist eine wunderbare Umgebung und soll Spass an einer Runde Golf bereiten!<\/p>\n<p>Der Kurs ist kurz, man spielt 554 yards (507m) auf den Chang Noi Neun und 571 Yards (523m) auf den Half Moon Neun. Die L\u00f6cher, benannt nach den nahen Str\u00e4nden werden \u00fcber den selben Grund, aber in verschiedenen Richtungen gespielt, sodass die Spieler, wenn sie m\u00f6chten 18 L\u00f6cher spielen k\u00f6nnen. Die Richtungen werden zur Mittagszeit gewechselt.<\/p>\n<p>Der Kurs ist gut gelegen, ein wenig &#8220;Tricky&#8221; f\u00fcr Beginner und ist ein idealer Einstieg f\u00fcr Anf\u00e4nger um das Golfspiel kennen zu lernen. Fortgeschrittene Golfer werden den Kurs sch\u00e4tzen, bringt er doch eine Verbesserung ihres Kurzspiels!<\/p>\n<p>Die vielen Wasserhindernisse zwingen die Spieler zu einem wohl\u00fcberlegten, gut temperierten Schlag, wenn sie nicht die Ganze Zeit in der Lagune stehen wollen.<\/p>\n<\/div><\/div><\/div><\/div><\/div><div class=\"w-tabs-section\" id=\"gd40\"><button class=\"w-tabs-section-header\" aria-controls=\"content-gd40\" aria-expanded=\"false\"><div class=\"w-tabs-section-title\">Golfplatz Layout<\/div><div class=\"w-tabs-section-control\"><\/div><\/button><div  class=\"w-tabs-section-content\" id=\"content-gd40\"><div class=\"w-tabs-section-content-h i-cf\"><div class=\"g-cols wpb_row via_flex valign_top type_default stacking_default\"><div class=\"vc_col-sm-12 wpb_column vc_column_container\"><div class=\"vc_column-inner\"><div class=\"wpb_wrapper\"><div class=\"w-ibanner us_custom_6df4bc3a has_text_color animation_melete ratio_4x3 easing_ease\"><a target=\" _blank\" rel=\"nofollow\" href=\"\/wp-content\/uploads\/2018\/09\/koh-chang-golf-course-layout-holes-1-18-1-1.pdf\" aria-label=\"Chang Noi Nine  \/ Half Moon Nine\"><\/a><div class=\"w-ibanner-h\"><div class=\"w-ibanner-image\" style=\"background-image: url(https:\/\/koh-chang-villa.com\/wp-content\/uploads\/2018\/09\/golf-course-layout-18-600x400.jpg)\"><\/div><div class=\"w-ibanner-content\"><div class=\"w-ibanner-content-h\"><h2 class=\"w-ibanner-title\">Chang Noi Nine  \/ Half Moon Nine<\/h2><div class=\"w-ibanner-desc\"><p>Golfkurs Layouts:<\/p>\n<p>L\u00f6cher 1 \u2013 9, Par 27, L\u00e4nge 507 m | (Chang Noi Nine, Spielrichtung S\u00fcden)<br \/>\nL\u00f6cher 10 \u2013 18, Par 27, L\u00e4nge 523 m | (Half Moon Nine, Spielrichtung Norden)<\/p>\n<\/div><\/div><\/div><\/div><\/div><\/div><\/div><\/div><\/div><\/div><\/div><\/div><div class=\"w-tabs-section\" id=\"ze0a\"><button class=\"w-tabs-section-header\" aria-controls=\"content-ze0a\" aria-expanded=\"false\"><div class=\"w-tabs-section-title\">Spielanleitung<\/div><div class=\"w-tabs-section-control\"><\/div><\/button><div  class=\"w-tabs-section-content\" id=\"content-ze0a\"><div class=\"w-tabs-section-content-h i-cf\"><div class=\"wpb_text_column\"><div class=\"wpb_wrapper\"><p>Siam Royal Bay ist die einzige M\u00f6glichkeit auf Koh Chang Golf zu spielen! Diese Kurzanleitung soll das Spielen vereinfachen.<\/p>\n<p><strong>Ben\u00fctzung des Golfkurs<\/strong><br \/>\nSiam Royal Bay l\u00e4dt auch aussenstehende Golfer ein, den Golfkurs zu spielen.<\/p>\n<p><strong>Dresscode<\/strong><br \/>\nUm die Ferienstimmung nicht zu verderben gibts nicht wie auf grossen Golfkursen einen Dresscode! Es wird gew\u00fcnscht, dass alle Spieler ein T Shirt und Shorts tragen. Schuhe werden empfohlen.<\/p>\n<p><strong>Abschlagszeiten<\/strong><br \/>\nAbschlagszeiten k\u00f6nnen beim Kiosk am Resorteingang gebucht werden oder einfach wer zuerst da ist spielt zuerst. Abschlagszeiten sind alle 10 Minuten, beginnend zur vollen Stunde. G\u00e4ste die eine Abschlagszeit gebucht haben sind verpflichtet, auch bei schlechtem Wetter, wenn sie nicht spielen k\u00f6nnen die Greenfee zu bezahlen. G\u00e4ste die ohne Abschlagszeit spielen, k\u00f6nnen spielen wann sie das Personal vom Kiosk beim Eingang anweist.<\/p>\n<p><strong>Golf Etiquette<\/strong><\/p>\n<p>Bitte respektieren Sie ihre Kollegen und andere Spieler auf dem Golfplatz zu jeder Zeit.<\/p>\n<ul>\n<li>Spieler sollen sich nicht bewegen, reden oder nahe beim Abschlagenden oder in der Spiellinie eines Spielers stehen, wenn dieser den Ball anspricht.<\/li>\n<li>Der Spieler soll nicht spielen, bevor die Spieler vor ihnen vom Green weggegangen sind.<\/li>\n<li>Wenn ein Loch fertiggespielt ist, sollen die Spieler sofort vom Green zum n\u00e4chsten Abschlag weitergehen und erst dort die Scorekarten ausf\u00fcllen.<\/li>\n<li>Langsame Gruppen sollen die schnelleren Spieler durchspielen lassen.<\/li>\n<li>Spieler sollen ihre Divot L\u00f6cher oder Sch\u00e4den am Fairway bitte reparieren.<\/li>\n<li>Spieler sollen vermeiden, dass die L\u00f6cher durch das Bedienen der Fahne besch\u00e4digt werden.<\/li>\n<li>Die Golfschl\u00e4ger sollen nicht zum auflesen des Balles aus dem Loch verwendet werden!<\/li>\n<li>Spieler sollen nicht auf ihre Schl\u00e4ger lehnen, w\u00e4hrend die anderen auf dem Green am Putten sind.<\/li>\n<li>Nach dem Verlassen der Bunker, sind Fusspuren und Balll\u00f6cher auszuebnen mit den Rechen die jeweils an den Bunkern liegen.<\/li>\n<\/ul>\n<p>Wer sich nicht an die Regeln h\u00e4lt kann vom Spiel ausgeschlossen werden.<\/p>\n<\/div><\/div><\/div><\/div><\/div><div class=\"w-tabs-section\" id=\"ye9b\"><button class=\"w-tabs-section-header\" aria-controls=\"content-ye9b\" aria-expanded=\"false\"><div class=\"w-tabs-section-title\">Spielregeln<\/div><div class=\"w-tabs-section-control\"><\/div><\/button><div  class=\"w-tabs-section-content\" id=\"content-ye9b\"><div class=\"w-tabs-section-content-h i-cf\"><div class=\"wpb_text_column\"><div class=\"wpb_wrapper\"><p>Die Spielregeln sind die von der Internationalen Pitch und Put Federation woraus wir die wichtigsten Regeln zitieren:<\/p>\n<ul>\n<li>Spieler d\u00fcrfen h\u00f6chstens 3 Schl\u00e4ger mit auf den Kurs nehmen, einer davon muss ein Putter sein.<\/li>\n<li>Schl\u00e4ger d\u00fcrfen nicht mit anderen Spielern geteilt werden<\/li>\n<li>F\u00fcr Erwachsene gilt, dass die Schl\u00e4ger k\u00fcrzer als Eisen 8 sein m\u00fcssen. Die meisten Spieler werden einen Putter, einen Pitching Wedge und einen Sand Wedge ben\u00fctzen.<\/li>\n<li>Das Aufteen beim Abschlag ist obligatorisch<\/li>\n<li>Nur h\u00f6lzerne oder Abbaubare Plastictees sind erlaubt<\/li>\n<li>Wenn andere Spieler in Schlagweite sind, darf nicht gespielt werden, bis sie ausser Reichweite sind.<\/li>\n<\/ul>\n<\/div><\/div><\/div><\/div><\/div><div class=\"w-tabs-section\" id=\"ff2a\"><button class=\"w-tabs-section-header\" aria-controls=\"content-ff2a\" aria-expanded=\"false\"><div class=\"w-tabs-section-title\">Preise | Green Fee<\/div><div class=\"w-tabs-section-control\"><\/div><\/button><div  class=\"w-tabs-section-content\" id=\"content-ff2a\"><div class=\"w-tabs-section-content-h i-cf\"><div class=\"wpb_text_column\"><div class=\"wpb_wrapper\"><p>Der Koh Chang Golfplatz ist ein Spass und g\u00fcnstig! Hier sind die Preise. Bitte bedenken Sie, dass sich die Preise \u00e4ndern k\u00f6nnen.<\/p>\n<p><strong>Green Fees f\u00fcr 9 L\u00f6cher<\/strong><\/p>\n<ul>\n<li>Besucher von ausserhalb: THB 300.-<\/li>\n<li>G\u00e4ste von Siam Royal Bay: THB 200.-<\/li>\n<li>Kinder: THB 100.- (unter 12, in Begleitung Erwachsener)<\/li>\n<\/ul>\n<p><strong>Schl\u00e4gerset Miete:<\/strong> THB 150.- pro Set, pro Tag. (Putter, einen Pitching Wedge und einen Sand Wedge). (Kinderset kleiner Driver, 7 Eisen, Pitching Wedge, Sand Wedge und Putter in Bag)<\/p>\n<p>Jedes Set beinhaltet <strong>10 Tees, 10 B\u00e4lle.<\/strong>.  verlorene B\u00e4lle und verlorene Tees m\u00fcssen nach dem Spiel bezahlt werden. zus\u00e4tzliche B\u00e4lle k\u00f6nnen gekauft werden. Nur abbaubare Tees erlaubt!!<\/p>\n<p><strong>Tees:<\/strong> THB 5 pro Tee<br \/>\n<strong>B\u00e4lle:<\/strong> THB 20.- pro Ball<\/p>\n<\/div><\/div><\/div><\/div><\/div><\/div><\/div><\/div><\/div><\/div><div class=\"vc_col-sm-4 wpb_column vc_column_container\"><div class=\"vc_column-inner\"><div class=\"wpb_wrapper\"><div class=\"wpb_text_column\"><div class=\"wpb_wrapper\"><h2>Bilder Galerie<\/h2>\n<\/div><\/div><div class=\"w-slider style_none fit_scaledown nav_dots count_6\"><div class=\"w-slider-h\"><div class=\"royalSlider\"><div class=\"rsContent\"><a class=\"rsImg\" data-rsw=\"800\" data-rsh=\"534\" data-rsBigImg=\"https:\/\/koh-chang-villa.com\/wp-content\/uploads\/2018\/10\/koh-chang-golf-course-t-off-800x533.jpg\" href=\"https:\/\/koh-chang-villa.com\/wp-content\/uploads\/2018\/10\/koh-chang-golf-course-t-off-800x533.jpg\"><span data-alt=\"\"><\/span><\/a><\/div><div class=\"rsContent\"><a class=\"rsImg\" data-rsw=\"2268\" data-rsh=\"1512\" data-rsBigImg=\"https:\/\/koh-chang-villa.com\/wp-content\/uploads\/2018\/10\/koh-chang-gof-course-green-with-hole-800x533.jpg\" href=\"https:\/\/koh-chang-villa.com\/wp-content\/uploads\/2018\/10\/koh-chang-gof-course-green-with-hole-800x533.jpg\"><span data-alt=\"\"><\/span><\/a><\/div><div class=\"rsContent\"><a class=\"rsImg\" data-rsw=\"800\" data-rsh=\"534\" data-rsBigImg=\"https:\/\/koh-chang-villa.com\/wp-content\/uploads\/2018\/10\/koh-chang-golf-course-green-water-800x533.jpg\" href=\"https:\/\/koh-chang-villa.com\/wp-content\/uploads\/2018\/10\/koh-chang-golf-course-green-water-800x533.jpg\"><span data-alt=\"\"><\/span><\/a><\/div><div class=\"rsContent\"><a class=\"rsImg\" data-rsw=\"800\" data-rsh=\"533\" data-rsBigImg=\"https:\/\/koh-chang-villa.com\/wp-content\/uploads\/2018\/10\/koh-chang-golf-course-green-water-800x533-2.jpg\" href=\"https:\/\/koh-chang-villa.com\/wp-content\/uploads\/2018\/10\/koh-chang-golf-course-green-water-800x533-2.jpg\"><span data-alt=\"\"><\/span><\/a><\/div><div class=\"rsContent\"><a class=\"rsImg\" data-rsw=\"600\" data-rsh=\"401\" data-rsBigImg=\"https:\/\/koh-chang-villa.com\/wp-content\/uploads\/2018\/10\/koh-chang-golf-course-layout-front9.jpg\" href=\"https:\/\/koh-chang-villa.com\/wp-content\/uploads\/2018\/10\/koh-chang-golf-course-layout-front9.jpg\"><span data-alt=\"\"><\/span><\/a><\/div><div class=\"rsContent\"><a class=\"rsImg\" data-rsw=\"600\" data-rsh=\"400\" data-rsBigImg=\"https:\/\/koh-chang-villa.com\/wp-content\/uploads\/2018\/10\/koh-chang-golf-course-layout-back9.jpg\" href=\"https:\/\/koh-chang-villa.com\/wp-content\/uploads\/2018\/10\/koh-chang-golf-course-layout-back9.jpg\"><span data-alt=\"\"><\/span><\/a><\/div><\/div><img decoding=\"async\" src=\"https:\/\/koh-chang-villa.com\/wp-content\/uploads\/2018\/10\/koh-chang-golf-course-t-off-800x533.jpg\" width=\"800\" height=\"534\" alt loading=\"lazy\"><\/div><div class=\"w-slider-json\" onclick='return {&quot;autoScaleSlider&quot;:true,&quot;addActiveClass&quot;:true,&quot;loop&quot;:true,&quot;fadeInLoadedSlide&quot;:false,&quot;slidesSpacing&quot;:0,&quot;imageScalePadding&quot;:0,&quot;numImagesToPreload&quot;:2,&quot;arrowsNav&quot;:true,&quot;arrowsNavAutoHide&quot;:false,&quot;transitionType&quot;:&quot;fade&quot;,&quot;transitionSpeed&quot;:250,&quot;block&quot;:{&quot;moveEffect&quot;:&quot;none&quot;,&quot;speed&quot;:300},&quot;thumbs&quot;:{&quot;fitInViewport&quot;:false,&quot;firstMargin&quot;:false,&quot;spacing&quot;:4},&quot;controlNavigation&quot;:&quot;bullets&quot;,&quot;autoplay&quot;:{&quot;enabled&quot;:true,&quot;pauseOnHover&quot;:true,&quot;delay&quot;:10000},&quot;fullscreen&quot;:{&quot;enabled&quot;:true},&quot;autoScaleSliderWidth&quot;:800,&quot;autoScaleSliderHeight&quot;:534}'><\/div><\/div><div class=\"w-separator size_medium\"><\/div><div class=\"wpb_text_column\"><div class=\"wpb_wrapper\"><h2>Video Impressionen<\/h2>\n<\/div><\/div><div class=\"w-video align_none ratio_16x9 has_iframe\"><div class=\"w-video-h\"><iframe title=\"Youtube video player\" src=\"\/\/www.youtube.com\/embed\/JkHsXU5cqXA?autoplay=0&controls=1&origin=https:\/\/koh-chang-villa.com\/de\/&loop=0&mute=0\" allowfullscreen=\"1\" loading=\"lazy\"><\/iframe><\/div><\/div><\/div><\/div><\/div><\/div><\/div><\/section>\n","protected":false},"excerpt":{"rendered":"[rev_slider_vc alias=\"koh-chang-golfing\"] Koh Chang Golf? Falls Sie Lust haben Ihr Golfspiel zu verbessern, hier haben wir die optimale M\u00f6glichkeit! Als Gast von Siam Royal Bay haben Sie Zutritt zu Koh Changs einzigem Golfplatz. Es ist ein 9 Loch Pitch und Put Golfplatz. Der Golfplatz ist in eine Lagune eingebettet, nur 100m entfernt vom Sandstrand. Mit...","protected":false},"author":1,"featured_media":8841,"parent":0,"menu_order":0,"comment_status":"closed","ping_status":"closed","template":"","meta":{"inline_featured_image":false,"footnotes":""},"class_list":["post-8840","page","type-page","status-publish","has-post-thumbnail","hentry"],"yoast_head":"<!-- This site is optimized with the Yoast SEO plugin v25.8 - https:\/\/yoast.com\/wordpress\/plugins\/seo\/ -->\n<title>Koh Chang Golf | Koh Chang Golf Preise | Golfanleitung<\/title>\n<meta name=\"description\" content=\"Koh Chang Golf - Der Golfplatz auf Koh Chang liegt in einer wundersch\u00f6nen und einzigartigen Umgebung, nur wenige hundert Meter vom Strand entfernt. Der Koh Chang Golf\" \/>\n<meta name=\"robots\" content=\"index, follow, max-snippet:-1, max-image-preview:large, max-video-preview:-1\" \/>\n<link rel=\"canonical\" href=\"https:\/\/koh-chang-villa.com\/de\/koh-chang-golf\/\" \/>\n<meta property=\"og:locale\" content=\"de_DE\" \/>\n<meta property=\"og:type\" content=\"article\" \/>\n<meta property=\"og:title\" content=\"Koh Chang Golf | Koh Chang Golf Preise | Golfanleitung\" \/>\n<meta property=\"og:description\" content=\"Koh Chang Golf - Der Golfplatz auf Koh Chang liegt in einer wundersch\u00f6nen und einzigartigen Umgebung, nur wenige hundert Meter vom Strand entfernt. Der Koh Chang Golf\" \/>\n<meta property=\"og:url\" content=\"https:\/\/koh-chang-villa.com\/de\/koh-chang-golf\/\" \/>\n<meta property=\"og:site_name\" content=\"Koh Chang Villa | Thailand Vacation Villa Rental |\" \/>\n<meta property=\"article:publisher\" content=\"https:\/\/www.facebook.com\/koh.chang.villa\/\" \/>\n<meta property=\"article:modified_time\" content=\"2021-03-31T14:13:01+00:00\" \/>\n<meta property=\"og:image\" content=\"https:\/\/koh-chang-villa.com\/wp-content\/uploads\/2018\/09\/koh-chang-golfing-header-new.jpg\" \/>\n\t<meta property=\"og:image:width\" content=\"1345\" \/>\n\t<meta property=\"og:image:height\" content=\"234\" \/>\n\t<meta property=\"og:image:type\" content=\"image\/jpeg\" \/>\n<meta name=\"twitter:card\" content=\"summary_large_image\" \/>\n<meta name=\"twitter:label1\" content=\"Est. reading time\" \/>\n\t<meta name=\"twitter:data1\" content=\"6 minutes\" \/>\n<script type=\"application\/ld+json\" class=\"yoast-schema-graph\">{\"@context\":\"https:\/\/schema.org\",\"@graph\":[{\"@type\":\"WebPage\",\"@id\":\"https:\/\/koh-chang-villa.com\/de\/koh-chang-golf\/\",\"url\":\"https:\/\/koh-chang-villa.com\/de\/koh-chang-golf\/\",\"name\":\"Koh Chang Golf | Koh Chang Golf Preise | Golfanleitung\",\"isPartOf\":{\"@id\":\"https:\/\/koh-chang-villa.com\/de\/#website\"},\"primaryImageOfPage\":{\"@id\":\"https:\/\/koh-chang-villa.com\/de\/koh-chang-golf\/#primaryimage\"},\"image\":{\"@id\":\"https:\/\/koh-chang-villa.com\/de\/koh-chang-golf\/#primaryimage\"},\"thumbnailUrl\":\"https:\/\/koh-chang-villa.com\/wp-content\/uploads\/2018\/09\/koh-chang-golfing-header-new.jpg\",\"datePublished\":\"2019-02-07T06:16:59+00:00\",\"dateModified\":\"2021-03-31T14:13:01+00:00\",\"description\":\"Koh Chang Golf - Der Golfplatz auf Koh Chang liegt in einer wundersch\u00f6nen und einzigartigen Umgebung, nur wenige hundert Meter vom Strand entfernt. Der Koh Chang Golf\",\"breadcrumb\":{\"@id\":\"https:\/\/koh-chang-villa.com\/de\/koh-chang-golf\/#breadcrumb\"},\"inLanguage\":\"de-DE\",\"potentialAction\":[{\"@type\":\"ReadAction\",\"target\":[\"https:\/\/koh-chang-villa.com\/de\/koh-chang-golf\/\"]}]},{\"@type\":\"ImageObject\",\"inLanguage\":\"de-DE\",\"@id\":\"https:\/\/koh-chang-villa.com\/de\/koh-chang-golf\/#primaryimage\",\"url\":\"https:\/\/koh-chang-villa.com\/wp-content\/uploads\/2018\/09\/koh-chang-golfing-header-new.jpg\",\"contentUrl\":\"https:\/\/koh-chang-villa.com\/wp-content\/uploads\/2018\/09\/koh-chang-golfing-header-new.jpg\",\"width\":1345,\"height\":234},{\"@type\":\"BreadcrumbList\",\"@id\":\"https:\/\/koh-chang-villa.com\/de\/koh-chang-golf\/#breadcrumb\",\"itemListElement\":[{\"@type\":\"ListItem\",\"position\":1,\"name\":\"Home\",\"item\":\"https:\/\/koh-chang-villa.com\/de\/\"},{\"@type\":\"ListItem\",\"position\":2,\"name\":\"Koh Chang Golf\"}]},{\"@type\":\"WebSite\",\"@id\":\"https:\/\/koh-chang-villa.com\/de\/#website\",\"url\":\"https:\/\/koh-chang-villa.com\/de\/\",\"name\":\"Koh Chang Villa | Thailand Vacation Villa Rental |\",\"description\":\"Welcome at Koh Chang Island\",\"potentialAction\":[{\"@type\":\"SearchAction\",\"target\":{\"@type\":\"EntryPoint\",\"urlTemplate\":\"https:\/\/koh-chang-villa.com\/de\/?s={search_term_string}\"},\"query-input\":{\"@type\":\"PropertyValueSpecification\",\"valueRequired\":true,\"valueName\":\"search_term_string\"}}],\"inLanguage\":\"de-DE\"}]}<\/script>\n<!-- \/ Yoast SEO plugin. -->","yoast_head_json":{"title":"Koh Chang Golf | Koh Chang Golf Preise | Golfanleitung","description":"Koh Chang Golf - Der Golfplatz auf Koh Chang liegt in einer wundersch\u00f6nen und einzigartigen Umgebung, nur wenige hundert Meter vom Strand entfernt. Der Koh Chang Golf","robots":{"index":"index","follow":"follow","max-snippet":"max-snippet:-1","max-image-preview":"max-image-preview:large","max-video-preview":"max-video-preview:-1"},"canonical":"https:\/\/koh-chang-villa.com\/de\/koh-chang-golf\/","og_locale":"de_DE","og_type":"article","og_title":"Koh Chang Golf | Koh Chang Golf Preise | Golfanleitung","og_description":"Koh Chang Golf - Der Golfplatz auf Koh Chang liegt in einer wundersch\u00f6nen und einzigartigen Umgebung, nur wenige hundert Meter vom Strand entfernt. Der Koh Chang Golf","og_url":"https:\/\/koh-chang-villa.com\/de\/koh-chang-golf\/","og_site_name":"Koh Chang Villa | Thailand Vacation Villa Rental |","article_publisher":"https:\/\/www.facebook.com\/koh.chang.villa\/","article_modified_time":"2021-03-31T14:13:01+00:00","og_image":[{"width":1345,"height":234,"url":"https:\/\/koh-chang-villa.com\/wp-content\/uploads\/2018\/09\/koh-chang-golfing-header-new.jpg","type":"image\/jpeg"}],"twitter_card":"summary_large_image","twitter_misc":{"Est. reading time":"6 minutes"},"schema":{"@context":"https:\/\/schema.org","@graph":[{"@type":"WebPage","@id":"https:\/\/koh-chang-villa.com\/de\/koh-chang-golf\/","url":"https:\/\/koh-chang-villa.com\/de\/koh-chang-golf\/","name":"Koh Chang Golf | Koh Chang Golf Preise | Golfanleitung","isPartOf":{"@id":"https:\/\/koh-chang-villa.com\/de\/#website"},"primaryImageOfPage":{"@id":"https:\/\/koh-chang-villa.com\/de\/koh-chang-golf\/#primaryimage"},"image":{"@id":"https:\/\/koh-chang-villa.com\/de\/koh-chang-golf\/#primaryimage"},"thumbnailUrl":"https:\/\/koh-chang-villa.com\/wp-content\/uploads\/2018\/09\/koh-chang-golfing-header-new.jpg","datePublished":"2019-02-07T06:16:59+00:00","dateModified":"2021-03-31T14:13:01+00:00","description":"Koh Chang Golf - Der Golfplatz auf Koh Chang liegt in einer wundersch\u00f6nen und einzigartigen Umgebung, nur wenige hundert Meter vom Strand entfernt. Der Koh Chang Golf","breadcrumb":{"@id":"https:\/\/koh-chang-villa.com\/de\/koh-chang-golf\/#breadcrumb"},"inLanguage":"de-DE","potentialAction":[{"@type":"ReadAction","target":["https:\/\/koh-chang-villa.com\/de\/koh-chang-golf\/"]}]},{"@type":"ImageObject","inLanguage":"de-DE","@id":"https:\/\/koh-chang-villa.com\/de\/koh-chang-golf\/#primaryimage","url":"https:\/\/koh-chang-villa.com\/wp-content\/uploads\/2018\/09\/koh-chang-golfing-header-new.jpg","contentUrl":"https:\/\/koh-chang-villa.com\/wp-content\/uploads\/2018\/09\/koh-chang-golfing-header-new.jpg","width":1345,"height":234},{"@type":"BreadcrumbList","@id":"https:\/\/koh-chang-villa.com\/de\/koh-chang-golf\/#breadcrumb","itemListElement":[{"@type":"ListItem","position":1,"name":"Home","item":"https:\/\/koh-chang-villa.com\/de\/"},{"@type":"ListItem","position":2,"name":"Koh Chang Golf"}]},{"@type":"WebSite","@id":"https:\/\/koh-chang-villa.com\/de\/#website","url":"https:\/\/koh-chang-villa.com\/de\/","name":"Koh Chang Villa | Thailand Vacation Villa Rental |","description":"Welcome at Koh Chang Island","potentialAction":[{"@type":"SearchAction","target":{"@type":"EntryPoint","urlTemplate":"https:\/\/koh-chang-villa.com\/de\/?s={search_term_string}"},"query-input":{"@type":"PropertyValueSpecification","valueRequired":true,"valueName":"search_term_string"}}],"inLanguage":"de-DE"}]}},"_links":{"self":[{"href":"https:\/\/koh-chang-villa.com\/de\/wp-json\/wp\/v2\/pages\/8840","targetHints":{"allow":["GET"]}}],"collection":[{"href":"https:\/\/koh-chang-villa.com\/de\/wp-json\/wp\/v2\/pages"}],"about":[{"href":"https:\/\/koh-chang-villa.com\/de\/wp-json\/wp\/v2\/types\/page"}],"author":[{"embeddable":true,"href":"https:\/\/koh-chang-villa.com\/de\/wp-json\/wp\/v2\/users\/1"}],"replies":[{"embeddable":true,"href":"https:\/\/koh-chang-villa.com\/de\/wp-json\/wp\/v2\/comments?post=8840"}],"version-history":[{"count":0,"href":"https:\/\/koh-chang-villa.com\/de\/wp-json\/wp\/v2\/pages\/8840\/revisions"}],"wp:featuredmedia":[{"embeddable":true,"href":"https:\/\/koh-chang-villa.com\/de\/wp-json\/wp\/v2\/media\/8841"}],"wp:attachment":[{"href":"https:\/\/koh-chang-villa.com\/de\/wp-json\/wp\/v2\/media?parent=8840"}],"curies":[{"name":"wp","href":"https:\/\/api.w.org\/{rel}","templated":true}]}}